{"id":2,"date":"2011-10-27T21:25:30","date_gmt":"2011-10-27T21:25:30","guid":{"rendered":"http:\/\/www.derivado.tallermultinacional.net\/?page_id=2"},"modified":"2012-02-26T17:47:23","modified_gmt":"2012-02-26T17:47:23","slug":"sample-page","status":"publish","type":"page","link":"http:\/\/www.derivado.tallermultinacional.net\/?page_id=2","title":{"rendered":"Derivado, un proyecto de Taller Multinacional"},"content":{"rendered":"<p id=\"internal-source-marker_0.7728650289786962\" dir=\"ltr\"><strong>Derivado. Propuesta de interpretaci\u00f3n de Centros de Documentaci\u00f3n<\/strong><\/p>\n<p dir=\"ltr\">Nuestra plataforma son los centros de documentaci\u00f3n habilitados en museos p\u00fablicos, instituciones culturales p\u00fablicas e instituciones culturales privadas del Valle de M\u00e9xico.<\/p>\n<p dir=\"ltr\">Un equipo de investigaci\u00f3n, integrado por artistas visuales y estudiosos del arte, desarrollamos procesos colectivos de interpretaci\u00f3n de documentos, los cuales presentamos al p\u00fablico con el inter\u00e9s de generar redes de colaboraci\u00f3n a partir de los resultados de nuestras indagaciones.<\/p>\n<p dir=\"ltr\">Tres l\u00edneas de acci\u00f3n constituyen al Derivado durante su ejecuci\u00f3n:<\/p>\n<p dir=\"ltr\">&#8211; \u00a0\u00a0\u00a0\u00a0\u00a0\u00a0La revisi\u00f3n e interpretaci\u00f3n de textos.<\/p>\n<p dir=\"ltr\">&#8211; \u00a0\u00a0\u00a0\u00a0\u00a0\u00a0La creaci\u00f3n de redes de colaboraci\u00f3n a trav\u00e9s de experiencias colectivas en sesiones p\u00fablicas de trabajo.<\/p>\n<p dir=\"ltr\">&#8211; \u00a0\u00a0\u00a0\u00a0\u00a0\u00a0La documentaci\u00f3n de las actividades, incluida la recopilaci\u00f3n de los diversos productos generados durante la interpretaci\u00f3n para su posterior consulta p\u00fablica y gratuita a trav\u00e9s del internet.<\/p>\n","protected":false},"excerpt":{"rendered":"<p>Derivado. Propuesta de interpretaci\u00f3n de Centros de Documentaci\u00f3n Nuestra plataforma son los centros de documentaci\u00f3n habilitados en museos p\u00fablicos, instituciones culturales p\u00fablicas e instituciones culturales privadas del Valle de M\u00e9xico. Un equipo de investigaci\u00f3n, integrado por artistas visuales y estudiosos del arte, desarrollamos procesos colectivos de interpretaci\u00f3n de documentos, los cuales presentamos al p\u00fablico con &hellip;<\/p>\n<p><a href=\"http:\/\/www.derivado.tallermultinacional.net\/?page_id=2\" class=\"more-link\">Read More<\/a><\/p>\n","protected":false},"author":1,"featured_media":0,"parent":0,"menu_order":0,"comment_status":"closed","ping_status":"closed","template":"","meta":{"footnotes":""},"class_list":["post-2","page","type-page","status-publish","hentry"],"_links":{"self":[{"href":"http:\/\/www.derivado.tallermultinacional.net\/index.php?rest_route=\/wp\/v2\/pages\/2","targetHints":{"allow":["GET"]}}],"collection":[{"href":"http:\/\/www.derivado.tallermultinacional.net\/index.php?rest_route=\/wp\/v2\/pages"}],"about":[{"href":"http:\/\/www.derivado.tallermultinacional.net\/index.php?rest_route=\/wp\/v2\/types\/page"}],"author":[{"embeddable":true,"href":"http:\/\/www.derivado.tallermultinacional.net\/index.php?rest_route=\/wp\/v2\/users\/1"}],"replies":[{"embeddable":true,"href":"http:\/\/www.derivado.tallermultinacional.net\/index.php?rest_route=%2Fwp%2Fv2%2Fcomments&post=2"}],"version-history":[{"count":5,"href":"http:\/\/www.derivado.tallermultinacional.net\/index.php?rest_route=\/wp\/v2\/pages\/2\/revisions"}],"predecessor-version":[{"id":56,"href":"http:\/\/www.derivado.tallermultinacional.net\/index.php?rest_route=\/wp\/v2\/pages\/2\/revisions\/56"}],"wp:attachment":[{"href":"http:\/\/www.derivado.tallermultinacional.net\/index.php?rest_route=%2Fwp%2Fv2%2Fmedia&parent=2"}],"curies":[{"name":"wp","href":"https:\/\/api.w.org\/{rel}","templated":true}]}}